{"id":930,"date":"2018-01-24T16:35:57","date_gmt":"2018-01-24T16:35:57","guid":{"rendered":"http:\/\/www.joellepascal.fr\/?page_id=930"},"modified":"2018-01-24T16:38:37","modified_gmt":"2018-01-24T16:38:37","slug":"contes-dune-rive-a-lautre","status":"publish","type":"page","link":"https:\/\/www.joellepascal.fr\/?page_id=930","title":{"rendered":"Contes d&rsquo;une rive \u00e0 l&rsquo;autre"},"content":{"rendered":"<h3 style=\"text-align: left;\"><a href=\"https:\/\/www.joellepascal.fr\/?attachment_id=906\"><img loading=\"lazy\" class=\"wp-image-906 aligncenter\" src=\"https:\/\/www.joellepascal.fr\/wp-content\/uploads\/2011\/01\/portrait-des-Carmes-1.jpg\" alt=\"\" width=\"372\" height=\"557\" srcset=\"https:\/\/www.joellepascal.fr\/wp-content\/uploads\/2011\/01\/portrait-des-Carmes-1.jpg 854w, https:\/\/www.joellepascal.fr\/wp-content\/uploads\/2011\/01\/portrait-des-Carmes-1-200x300.jpg 200w, https:\/\/www.joellepascal.fr\/wp-content\/uploads\/2011\/01\/portrait-des-Carmes-1-768x1151.jpg 768w, https:\/\/www.joellepascal.fr\/wp-content\/uploads\/2011\/01\/portrait-des-Carmes-1-683x1024.jpg 683w\" sizes=\"(max-width: 372px) 100vw, 372px\" \/><\/a><\/h3>\n<h3 style=\"text-align: left;\">\u00ab\u00a0Bon pied, bon \u0153il,\u00a0petits cailloux au fond de la poche j\u2019irai sur le chemin des histoires comme on avance dans la vie\u2026 un pied devant l\u2019autre.\u00a0\u00bb<\/h3>\n<p>Voici un bouquet de r\u00e9cits aux couleurs vari\u00e9es, venus de loin ou de tout pr\u00e8s, tant\u00f4t joyeux et d\u00e9brid\u00e9s, tant\u00f4t graves et sensibles. On y parle de tout, de la vie, de l\u2019amour, de la mort, entre r\u00eave et joie, rire et \u00e9motions.<\/p>\n<p>Dur\u00e9e : 1 heure<\/p>\n","protected":false},"excerpt":{"rendered":"<p>\u00ab\u00a0Bon pied, bon \u0153il,\u00a0petits cailloux au fond de la poche j\u2019irai sur le chemin des histoires comme on avance dans la vie\u2026 un pied devant l\u2019autre.\u00a0\u00bb Voici un bouquet de r\u00e9cits aux couleurs vari\u00e9es, venus de loin ou de tout &hellip; <a href=\"https:\/\/www.joellepascal.fr\/?page_id=930\">Continuer la lecture <span class=\"meta-nav\">&rarr;<\/span><\/a><\/p>\n","protected":false},"author":1,"featured_media":0,"parent":135,"menu_order":0,"comment_status":"closed","ping_status":"closed","template":"onecolumn-page.php","meta":[],"_links":{"self":[{"href":"https:\/\/www.joellepascal.fr\/index.php?rest_route=\/wp\/v2\/pages\/930"}],"collection":[{"href":"https:\/\/www.joellepascal.fr\/index.php?rest_route=\/wp\/v2\/pages"}],"about":[{"href":"https:\/\/www.joellepascal.fr\/index.php?rest_route=\/wp\/v2\/types\/page"}],"author":[{"embeddable":true,"href":"https:\/\/www.joellepascal.fr\/index.php?rest_route=\/wp\/v2\/users\/1"}],"replies":[{"embeddable":true,"href":"https:\/\/www.joellepascal.fr\/index.php?rest_route=%2Fwp%2Fv2%2Fcomments&post=930"}],"version-history":[{"count":3,"href":"https:\/\/www.joellepascal.fr\/index.php?rest_route=\/wp\/v2\/pages\/930\/revisions"}],"predecessor-version":[{"id":934,"href":"https:\/\/www.joellepascal.fr\/index.php?rest_route=\/wp\/v2\/pages\/930\/revisions\/934"}],"up":[{"embeddable":true,"href":"https:\/\/www.joellepascal.fr\/index.php?rest_route=\/wp\/v2\/pages\/135"}],"wp:attachment":[{"href":"https:\/\/www.joellepascal.fr\/index.php?rest_route=%2Fwp%2Fv2%2Fmedia&parent=930"}],"curies":[{"name":"wp","href":"https:\/\/api.w.org\/{rel}","templated":true}]}}