{"id":922,"date":"2018-01-24T16:19:01","date_gmt":"2018-01-24T16:19:01","guid":{"rendered":"http:\/\/www.joellepascal.fr\/?page_id=922"},"modified":"2018-01-24T16:24:31","modified_gmt":"2018-01-24T16:24:31","slug":"coquelicontes-2014","status":"publish","type":"page","link":"https:\/\/www.joellepascal.fr\/?page_id=922","title":{"rendered":"Coquelicontes 2014"},"content":{"rendered":"<h2>Le printemps 2014 en Limousin et son festival \u00ab\u00a0Coquelicontes\u00a0\u00bb. Haute-Vienne, Creuse et Corr\u00e8ze, j&rsquo;ai sem\u00e9 des petits cailloux et r\u00e9colt\u00e9 bien des sourires !<\/h2>\n<p><a href=\"https:\/\/www.joellepascal.fr\/?attachment_id=770\"><img loading=\"lazy\" class=\"alignright size-full wp-image-770\" src=\"https:\/\/www.joellepascal.fr\/wp-content\/uploads\/2011\/01\/le-Populaire-mai-2014-Jo\u00eblle-Pascal2.jpg\" alt=\"\" width=\"2155\" height=\"1656\" srcset=\"https:\/\/www.joellepascal.fr\/wp-content\/uploads\/2011\/01\/le-Populaire-mai-2014-Jo\u00eblle-Pascal2.jpg 2155w, https:\/\/www.joellepascal.fr\/wp-content\/uploads\/2011\/01\/le-Populaire-mai-2014-Jo\u00eblle-Pascal2-300x230.jpg 300w, https:\/\/www.joellepascal.fr\/wp-content\/uploads\/2011\/01\/le-Populaire-mai-2014-Jo\u00eblle-Pascal2-1024x786.jpg 1024w\" sizes=\"(max-width: 2155px) 100vw, 2155px\" \/><\/a><\/p>\n","protected":false},"excerpt":{"rendered":"<p>Le printemps 2014 en Limousin et son festival \u00ab\u00a0Coquelicontes\u00a0\u00bb. Haute-Vienne, Creuse et Corr\u00e8ze, j&rsquo;ai sem\u00e9 des petits cailloux et r\u00e9colt\u00e9 bien des sourires !<\/p>\n","protected":false},"author":1,"featured_media":0,"parent":919,"menu_order":0,"comment_status":"closed","ping_status":"closed","template":"onecolumn-page.php","meta":[],"_links":{"self":[{"href":"https:\/\/www.joellepascal.fr\/index.php?rest_route=\/wp\/v2\/pages\/922"}],"collection":[{"href":"https:\/\/www.joellepascal.fr\/index.php?rest_route=\/wp\/v2\/pages"}],"about":[{"href":"https:\/\/www.joellepascal.fr\/index.php?rest_route=\/wp\/v2\/types\/page"}],"author":[{"embeddable":true,"href":"https:\/\/www.joellepascal.fr\/index.php?rest_route=\/wp\/v2\/users\/1"}],"replies":[{"embeddable":true,"href":"https:\/\/www.joellepascal.fr\/index.php?rest_route=%2Fwp%2Fv2%2Fcomments&post=922"}],"version-history":[{"count":4,"href":"https:\/\/www.joellepascal.fr\/index.php?rest_route=\/wp\/v2\/pages\/922\/revisions"}],"predecessor-version":[{"id":926,"href":"https:\/\/www.joellepascal.fr\/index.php?rest_route=\/wp\/v2\/pages\/922\/revisions\/926"}],"up":[{"embeddable":true,"href":"https:\/\/www.joellepascal.fr\/index.php?rest_route=\/wp\/v2\/pages\/919"}],"wp:attachment":[{"href":"https:\/\/www.joellepascal.fr\/index.php?rest_route=%2Fwp%2Fv2%2Fmedia&parent=922"}],"curies":[{"name":"wp","href":"https:\/\/api.w.org\/{rel}","templated":true}]}}