{"id":65,"date":"2011-01-15T09:07:55","date_gmt":"2011-01-15T09:07:55","guid":{"rendered":"http:\/\/joelle.conteuse.free.fr\/?page_id=65"},"modified":"2018-01-24T16:29:29","modified_gmt":"2018-01-24T16:29:29","slug":"mots-et-merveilles","status":"publish","type":"page","link":"https:\/\/www.joellepascal.fr\/?page_id=65","title":{"rendered":"Mots et merveilles"},"content":{"rendered":"<p><a href=\"https:\/\/www.joellepascal.fr\/wp-content\/uploads\/2011\/01\/montage-contes-et-magie.jpg\" rel=\"lightbox[65]\"><img loading=\"lazy\" class=\"alignright size-full wp-image-518\" title=\"montage contes et magie\" src=\"https:\/\/www.joellepascal.fr\/wp-content\/uploads\/2011\/01\/montage-contes-et-magie.jpg\" alt=\"\" width=\"278\" height=\"425\" srcset=\"https:\/\/www.joellepascal.fr\/wp-content\/uploads\/2011\/01\/montage-contes-et-magie.jpg 278w, https:\/\/www.joellepascal.fr\/wp-content\/uploads\/2011\/01\/montage-contes-et-magie-196x300.jpg 196w\" sizes=\"(max-width: 278px) 100vw, 278px\" \/><\/a>Ces deux l\u00e0 ne plaisantent pas. Ils ont bel et bien transform\u00e9 une spectatrice et son t\u00e9l\u00e9phone portable en lapin. Va-t-elle finir \u00e0 la casserole ?\u00a0Le suspense est entier.<\/p>\n<p>Mais le public est vite rassur\u00e9 en voyant \u00e9voluer ces deux complices. Lequel des deux jouera un tour \u00e0 l\u2019autre\u00a0?<\/p>\n<p>L\u2019une, conteuse, l\u2019autre, magicien, ils s\u2019escriment \u00e0 mettre leur art au service de l\u2019autre. Et c\u2019est ainsi que les contes sont illustr\u00e9s par sa magie \u00e0 lui et que les tours sont soutenus par ses mots \u00e0 elle. Leurs gestes et leur voix se succ\u00e8dent, se m\u00ealent et s\u2019entrem\u00ealent pour finalement nous raconter de dr\u00f4les d\u2019histoires\u00a0: du commencement du monde aux al\u00e9as de la vie \u00e0 deux.<\/p>\n<h4><\/h4>\n","protected":false},"excerpt":{"rendered":"<p>Ces deux l\u00e0 ne plaisantent pas. Ils ont bel et bien transform\u00e9 une spectatrice et son t\u00e9l\u00e9phone portable en lapin. Va-t-elle finir \u00e0 la casserole ?\u00a0Le suspense est entier. Mais le public est vite rassur\u00e9 en voyant \u00e9voluer ces deux &hellip; <a href=\"https:\/\/www.joellepascal.fr\/?page_id=65\">Continuer la lecture <span class=\"meta-nav\">&rarr;<\/span><\/a><\/p>\n","protected":false},"author":1,"featured_media":0,"parent":135,"menu_order":0,"comment_status":"closed","ping_status":"closed","template":"onecolumn-page.php","meta":[],"_links":{"self":[{"href":"https:\/\/www.joellepascal.fr\/index.php?rest_route=\/wp\/v2\/pages\/65"}],"collection":[{"href":"https:\/\/www.joellepascal.fr\/index.php?rest_route=\/wp\/v2\/pages"}],"about":[{"href":"https:\/\/www.joellepascal.fr\/index.php?rest_route=\/wp\/v2\/types\/page"}],"author":[{"embeddable":true,"href":"https:\/\/www.joellepascal.fr\/index.php?rest_route=\/wp\/v2\/users\/1"}],"replies":[{"embeddable":true,"href":"https:\/\/www.joellepascal.fr\/index.php?rest_route=%2Fwp%2Fv2%2Fcomments&post=65"}],"version-history":[{"count":6,"href":"https:\/\/www.joellepascal.fr\/index.php?rest_route=\/wp\/v2\/pages\/65\/revisions"}],"predecessor-version":[{"id":929,"href":"https:\/\/www.joellepascal.fr\/index.php?rest_route=\/wp\/v2\/pages\/65\/revisions\/929"}],"up":[{"embeddable":true,"href":"https:\/\/www.joellepascal.fr\/index.php?rest_route=\/wp\/v2\/pages\/135"}],"wp:attachment":[{"href":"https:\/\/www.joellepascal.fr\/index.php?rest_route=%2Fwp%2Fv2%2Fmedia&parent=65"}],"curies":[{"name":"wp","href":"https:\/\/api.w.org\/{rel}","templated":true}]}}