{"id":597,"date":"2011-10-25T16:36:28","date_gmt":"2011-10-25T16:36:28","guid":{"rendered":"http:\/\/www.joellepascal.fr\/?page_id=597"},"modified":"2018-01-24T16:09:12","modified_gmt":"2018-01-24T16:09:12","slug":"les-pains-de-pierre-et-autres-histoires-du-tiroir","status":"publish","type":"page","link":"https:\/\/www.joellepascal.fr\/?page_id=597","title":{"rendered":"Les pains de Pierre et autres histoires du tiroir"},"content":{"rendered":"<p>Contes en musique avec Fr\u00e9d\u00e9rick Yvonne, accord\u00e9oniste.<\/p>\n<p><img loading=\"lazy\" class=\"size-full wp-image-607 alignleft\" title=\"affiche_pain_pierre_web2\" src=\"https:\/\/www.joellepascal.fr\/wp-content\/uploads\/2011\/10\/affiche_pain_pierre_web2.jpg\" alt=\"\" width=\"283\" height=\"401\" srcset=\"https:\/\/www.joellepascal.fr\/wp-content\/uploads\/2011\/10\/affiche_pain_pierre_web2.jpg 283w, https:\/\/www.joellepascal.fr\/wp-content\/uploads\/2011\/10\/affiche_pain_pierre_web2-211x300.jpg 211w\" sizes=\"(max-width: 283px) 100vw, 283px\" \/>Qui se souvient d\u2019un tiroir range-tout, d\u2019un\u00a0tiroir oublie-tout, d\u2019un tiroir de table de cuisine ou de buffet ? On y met le pain parfois, ou bien on y glisse tout ce qui pourrait servir\u2026 un jour.<\/p>\n<p>Les histoires racont\u00e9es sortiront de ce tiroir aux ressources in\u00e9puisables\u2026<\/p>\n<p>Entre mots et musique, le temps d\u2019une soir\u00e9e, ouvrez vos oreilles et laissez-vous porter\u00a0!<\/p>\n<p>&nbsp;<\/p>\n<p>Le spectacle peut \u00eatre suivi d\u2019un petit bal \u00e0 d\u00e9gourdir les pieds.<\/p>\n<p>&nbsp;<\/p>\n","protected":false},"excerpt":{"rendered":"<p>Contes en musique avec Fr\u00e9d\u00e9rick Yvonne, accord\u00e9oniste. Qui se souvient d\u2019un tiroir range-tout, d\u2019un\u00a0tiroir oublie-tout, d\u2019un tiroir de table de cuisine ou de buffet ? On y met le pain parfois, ou bien on y glisse tout ce qui pourrait &hellip; <a href=\"https:\/\/www.joellepascal.fr\/?page_id=597\">Continuer la lecture <span class=\"meta-nav\">&rarr;<\/span><\/a><\/p>\n","protected":false},"author":1,"featured_media":0,"parent":135,"menu_order":0,"comment_status":"closed","ping_status":"closed","template":"onecolumn-page.php","meta":[],"_links":{"self":[{"href":"https:\/\/www.joellepascal.fr\/index.php?rest_route=\/wp\/v2\/pages\/597"}],"collection":[{"href":"https:\/\/www.joellepascal.fr\/index.php?rest_route=\/wp\/v2\/pages"}],"about":[{"href":"https:\/\/www.joellepascal.fr\/index.php?rest_route=\/wp\/v2\/types\/page"}],"author":[{"embeddable":true,"href":"https:\/\/www.joellepascal.fr\/index.php?rest_route=\/wp\/v2\/users\/1"}],"replies":[{"embeddable":true,"href":"https:\/\/www.joellepascal.fr\/index.php?rest_route=%2Fwp%2Fv2%2Fcomments&post=597"}],"version-history":[{"count":9,"href":"https:\/\/www.joellepascal.fr\/index.php?rest_route=\/wp\/v2\/pages\/597\/revisions"}],"predecessor-version":[{"id":918,"href":"https:\/\/www.joellepascal.fr\/index.php?rest_route=\/wp\/v2\/pages\/597\/revisions\/918"}],"up":[{"embeddable":true,"href":"https:\/\/www.joellepascal.fr\/index.php?rest_route=\/wp\/v2\/pages\/135"}],"wp:attachment":[{"href":"https:\/\/www.joellepascal.fr\/index.php?rest_route=%2Fwp%2Fv2%2Fmedia&parent=597"}],"curies":[{"name":"wp","href":"https:\/\/api.w.org\/{rel}","templated":true}]}}