{"id":588,"date":"2011-05-03T20:32:39","date_gmt":"2011-05-03T20:32:39","guid":{"rendered":"http:\/\/www.joellepascal.fr\/?page_id=588"},"modified":"2025-10-07T13:37:23","modified_gmt":"2025-10-07T13:37:23","slug":"atelier-en-images-2","status":"publish","type":"page","link":"https:\/\/www.joellepascal.fr\/?page_id=588","title":{"rendered":""},"content":{"rendered":"<p><img title=\"Lire la suite\u2026\" src=\"https:\/\/www.joellepascal.fr\/wp-includes\/js\/tinymce\/plugins\/wordpress\/img\/trans.gif\" alt=\"\"><strong>Voici une &nbsp;exp\u00e9rience &nbsp;avec des \u00e9tudiants \u00e9trangers de l&rsquo;Universit\u00e9 de Limoges (de janvier \u00e0 avril 2011)<\/strong><\/p>\n<p>&nbsp;<\/p>\n<p><strong>L&rsquo;enjeu \u00e9tait de taille : ma\u00eetriser suffisamment bien la langue pour oser raconter \u00e0 des enfants de classes primaires, les inviter \u00e0 nous suivre sur les chemins des histoires venues de&nbsp;<strong>Chine, d&rsquo;Iran, du Mexique et de Belgique.<\/strong><\/strong><\/p>\n<div><strong><strong><br \/>\n<\/strong><\/strong><\/div>\n<p>&nbsp;<\/p>\n","protected":false},"excerpt":{"rendered":"<p>Voici une &nbsp;exp\u00e9rience &nbsp;avec des \u00e9tudiants \u00e9trangers de l&rsquo;Universit\u00e9 de Limoges (de janvier \u00e0 avril 2011) &nbsp; L&rsquo;enjeu \u00e9tait de taille : ma\u00eetriser suffisamment bien la langue pour oser raconter \u00e0 des enfants de classes primaires, les inviter \u00e0 nous &hellip; <a href=\"https:\/\/www.joellepascal.fr\/?page_id=588\">Continuer la lecture <span class=\"meta-nav\">&rarr;<\/span><\/a><\/p>\n","protected":false},"author":1,"featured_media":0,"parent":0,"menu_order":0,"comment_status":"closed","ping_status":"open","template":"onecolumn-page.php","meta":[],"_links":{"self":[{"href":"https:\/\/www.joellepascal.fr\/index.php?rest_route=\/wp\/v2\/pages\/588"}],"collection":[{"href":"https:\/\/www.joellepascal.fr\/index.php?rest_route=\/wp\/v2\/pages"}],"about":[{"href":"https:\/\/www.joellepascal.fr\/index.php?rest_route=\/wp\/v2\/types\/page"}],"author":[{"embeddable":true,"href":"https:\/\/www.joellepascal.fr\/index.php?rest_route=\/wp\/v2\/users\/1"}],"replies":[{"embeddable":true,"href":"https:\/\/www.joellepascal.fr\/index.php?rest_route=%2Fwp%2Fv2%2Fcomments&post=588"}],"version-history":[{"count":5,"href":"https:\/\/www.joellepascal.fr\/index.php?rest_route=\/wp\/v2\/pages\/588\/revisions"}],"predecessor-version":[{"id":1032,"href":"https:\/\/www.joellepascal.fr\/index.php?rest_route=\/wp\/v2\/pages\/588\/revisions\/1032"}],"wp:attachment":[{"href":"https:\/\/www.joellepascal.fr\/index.php?rest_route=%2Fwp%2Fv2%2Fmedia&parent=588"}],"curies":[{"name":"wp","href":"https:\/\/api.w.org\/{rel}","templated":true}]}}