{"id":535,"date":"2011-05-03T16:50:14","date_gmt":"2011-05-03T16:50:14","guid":{"rendered":"http:\/\/www.joellepascal.fr\/?page_id=535"},"modified":"2011-05-03T20:38:34","modified_gmt":"2011-05-03T20:38:34","slug":"ateliers-en-images","status":"publish","type":"page","link":"https:\/\/www.joellepascal.fr\/?page_id=535","title":{"rendered":""},"content":{"rendered":"<p>&nbsp;<\/p>\n<p><a href=\"https:\/\/www.joellepascal.fr\/wp-content\/uploads\/2011\/05\/PB1924281.jpg\" rel=\"lightbox[535]\"><img loading=\"lazy\" class=\"alignleft size-medium wp-image-539\" title=\"PB192428\" src=\"https:\/\/www.joellepascal.fr\/wp-content\/uploads\/2011\/05\/PB1924281-224x300.jpg\" alt=\"\" width=\"224\" height=\"300\" srcset=\"https:\/\/www.joellepascal.fr\/wp-content\/uploads\/2011\/05\/PB1924281-224x300.jpg 224w, https:\/\/www.joellepascal.fr\/wp-content\/uploads\/2011\/05\/PB1924281.jpg 425w\" sizes=\"(max-width: 224px) 100vw, 224px\" \/><\/a><\/p>\n<p>&nbsp;<\/p>\n<p><strong>Voici des cr\u00e9ations sorties tout droit de l&rsquo;imaginaire des stagiaires.<\/strong><\/p>\n<p><strong><span style=\"font-size: medium;\"><span style=\"font-size: medium;\"><span style=\"font-size: 16px; line-height: 24px;\">Poule, souris, \u00e2ne, ogre et voleur&#8230; ils \u00e9taient les h\u00e9ros des histoires d\u00e9couvertes et travaill\u00e9es lors de cette semaine d&rsquo;initiation \u00e0 l&rsquo;art de conter \u00e0 l&rsquo;\u00e9cole d&rsquo;\u00e9ducateurs de Limoges (novembre 2010).<\/span><\/span><\/span><\/strong><\/p>\n<p style=\"text-align: center;\"><span style=\"font-size: medium;\"><span style=\"font-size: medium;\"><span style=\"font-size: 16px; line-height: 24px;\"><a href=\"https:\/\/www.joellepascal.fr\/wp-content\/uploads\/2011\/05\/PB192427.jpg\" rel=\"lightbox[535]\"><img loading=\"lazy\" class=\"aligncenter size-full wp-image-536\" title=\"PB192427\" src=\"https:\/\/www.joellepascal.fr\/wp-content\/uploads\/2011\/05\/PB192427.jpg\" alt=\"\" width=\"659\" height=\"494\" srcset=\"https:\/\/www.joellepascal.fr\/wp-content\/uploads\/2011\/05\/PB192427.jpg 659w, https:\/\/www.joellepascal.fr\/wp-content\/uploads\/2011\/05\/PB192427-300x224.jpg 300w\" sizes=\"(max-width: 659px) 100vw, 659px\" \/><\/a><a href=\"https:\/\/www.joellepascal.fr\/wp-content\/uploads\/2011\/05\/PB192428.jpg\" rel=\"lightbox[535]\"><\/a><a href=\"https:\/\/www.joellepascal.fr\/wp-content\/uploads\/2011\/05\/PB1924311.jpg\" rel=\"lightbox[535]\"><img loading=\"lazy\" class=\"alignleft size-medium wp-image-540\" title=\"PB192431\" src=\"https:\/\/www.joellepascal.fr\/wp-content\/uploads\/2011\/05\/PB1924311-281x300.jpg\" alt=\"\" width=\"281\" height=\"300\" srcset=\"https:\/\/www.joellepascal.fr\/wp-content\/uploads\/2011\/05\/PB1924311-281x300.jpg 281w, https:\/\/www.joellepascal.fr\/wp-content\/uploads\/2011\/05\/PB1924311.jpg 344w\" sizes=\"(max-width: 281px) 100vw, 281px\" \/><\/a><br \/>\n<a href=\"https:\/\/www.joellepascal.fr\/wp-content\/uploads\/2011\/05\/PB192432.jpg\" rel=\"lightbox[535]\"><img loading=\"lazy\" class=\"alignright size-medium wp-image-541\" title=\"PB192432\" src=\"https:\/\/www.joellepascal.fr\/wp-content\/uploads\/2011\/05\/PB192432-272x300.jpg\" alt=\"\" width=\"272\" height=\"300\" srcset=\"https:\/\/www.joellepascal.fr\/wp-content\/uploads\/2011\/05\/PB192432-272x300.jpg 272w, https:\/\/www.joellepascal.fr\/wp-content\/uploads\/2011\/05\/PB192432.jpg 335w\" sizes=\"(max-width: 272px) 100vw, 272px\" \/><\/a><a href=\"https:\/\/www.joellepascal.fr\/wp-content\/uploads\/2011\/05\/PB192435.jpg\" rel=\"lightbox[535]\"><img loading=\"lazy\" class=\"aligncenter size-full wp-image-542\" title=\"PB192435\" src=\"https:\/\/www.joellepascal.fr\/wp-content\/uploads\/2011\/05\/PB192435.jpg\" alt=\"\" width=\"494\" height=\"371\" srcset=\"https:\/\/www.joellepascal.fr\/wp-content\/uploads\/2011\/05\/PB192435.jpg 494w, https:\/\/www.joellepascal.fr\/wp-content\/uploads\/2011\/05\/PB192435-300x225.jpg 300w\" sizes=\"(max-width: 494px) 100vw, 494px\" \/><\/a><\/span><\/span><\/span><\/p>\n<p style=\"text-align: center;\"><span style=\"font-size: medium;\"><span style=\"font-size: medium;\"><span style=\"font-size: 16px; line-height: 24px;\"><a href=\"https:\/\/www.joellepascal.fr\/wp-content\/uploads\/2011\/05\/PB192434.jpg\" rel=\"lightbox[535]\"><img loading=\"lazy\" class=\"aligncenter size-full wp-image-543\" title=\"PB192434\" src=\"https:\/\/www.joellepascal.fr\/wp-content\/uploads\/2011\/05\/PB192434.jpg\" alt=\"\" width=\"494\" height=\"371\" srcset=\"https:\/\/www.joellepascal.fr\/wp-content\/uploads\/2011\/05\/PB192434.jpg 494w, https:\/\/www.joellepascal.fr\/wp-content\/uploads\/2011\/05\/PB192434-300x225.jpg 300w\" sizes=\"(max-width: 494px) 100vw, 494px\" \/><\/a><a href=\"https:\/\/www.joellepascal.fr\/?attachment_id=546\"><img loading=\"lazy\" class=\"aligncenter size-full wp-image-546\" src=\"https:\/\/www.joellepascal.fr\/wp-content\/uploads\/2011\/05\/PB1924391.jpg\" alt=\"\" width=\"494\" height=\"371\" srcset=\"https:\/\/www.joellepascal.fr\/wp-content\/uploads\/2011\/05\/PB1924391.jpg 494w, https:\/\/www.joellepascal.fr\/wp-content\/uploads\/2011\/05\/PB1924391-300x225.jpg 300w\" sizes=\"(max-width: 494px) 100vw, 494px\" \/><\/a><a href=\"https:\/\/www.joellepascal.fr\/wp-content\/uploads\/2011\/05\/PB1924371.jpg\" rel=\"lightbox[535]\"><img loading=\"lazy\" class=\"size-medium wp-image-547 aligncenter\" title=\"PB192437\" src=\"https:\/\/www.joellepascal.fr\/wp-content\/uploads\/2011\/05\/PB1924371-300x278.jpg\" alt=\"\" width=\"240\" height=\"222\" srcset=\"https:\/\/www.joellepascal.fr\/wp-content\/uploads\/2011\/05\/PB1924371-300x278.jpg 300w, https:\/\/www.joellepascal.fr\/wp-content\/uploads\/2011\/05\/PB1924371.jpg 398w\" sizes=\"(max-width: 240px) 100vw, 240px\" \/><\/a><\/span><\/span><\/span><\/p>\n<p><strong><span style=\"font-size: medium;\"><span style=\"font-size: medium;\"><span style=\"font-size: 16px; line-height: 24px;\">Et voici les cr\u00e9ateurs de sortie, accueillis dans une \u00e9cole maternelle, les histoires en bouche et le sourire aux l\u00e8vres.<\/span><\/span><\/span><\/strong><\/p>\n<p><strong><span style=\"font-size: medium;\"><span style=\"font-size: medium;\"><span style=\"font-size: 16px; line-height: 24px;\"><a href=\"https:\/\/www.joellepascal.fr\/wp-content\/uploads\/2011\/05\/PB192461.jpg\" rel=\"lightbox[535]\"><img loading=\"lazy\" class=\"alignleft size-medium wp-image-557\" title=\"PB192461\" src=\"https:\/\/www.joellepascal.fr\/wp-content\/uploads\/2011\/05\/PB192461-300x225.jpg\" alt=\"\" width=\"300\" height=\"225\" srcset=\"https:\/\/www.joellepascal.fr\/wp-content\/uploads\/2011\/05\/PB192461-300x225.jpg 300w, https:\/\/www.joellepascal.fr\/wp-content\/uploads\/2011\/05\/PB192461.jpg 494w\" sizes=\"(max-width: 300px) 100vw, 300px\" \/><\/a><a href=\"https:\/\/www.joellepascal.fr\/wp-content\/uploads\/2011\/05\/PB192462.jpg\" rel=\"lightbox[535]\"><img loading=\"lazy\" class=\"alignright size-medium wp-image-558\" title=\"PB192462\" src=\"https:\/\/www.joellepascal.fr\/wp-content\/uploads\/2011\/05\/PB192462-300x225.jpg\" alt=\"\" width=\"270\" height=\"203\" srcset=\"https:\/\/www.joellepascal.fr\/wp-content\/uploads\/2011\/05\/PB192462-300x225.jpg 300w, https:\/\/www.joellepascal.fr\/wp-content\/uploads\/2011\/05\/PB192462.jpg 494w\" sizes=\"(max-width: 270px) 100vw, 270px\" \/><\/a><\/span><\/span><\/span><\/strong><strong> <\/strong><\/p>\n<p>&nbsp;<\/p>\n<p>&nbsp;<\/p>\n<p style=\"text-align: justify;\">&nbsp;<\/p>\n<p style=\"text-align: justify;\">&nbsp;<\/p>\n<p style=\"text-align: justify;\"><span style=\"color: #000000; font-size: large;\"><span style=\"font-size: 18px; line-height: 27px;\"><br \/>\n<\/span><\/span><\/p>\n<p style=\"text-align: justify;\"><strong>Petits \u00e9chauffements&#8230; il s&rsquo;agit d&rsquo;\u00eatre fin chaud avant l&rsquo;arriv\u00e9e du public !<\/strong><\/p>\n<p style=\"text-align: justify;\"><strong><span style=\"color: #000000;\"><br \/>\n<\/span><\/strong><\/p>\n","protected":false},"excerpt":{"rendered":"<p>&nbsp; &nbsp; Voici des cr\u00e9ations sorties tout droit de l&rsquo;imaginaire des stagiaires. Poule, souris, \u00e2ne, ogre et voleur&#8230; ils \u00e9taient les h\u00e9ros des histoires d\u00e9couvertes et travaill\u00e9es lors de cette semaine d&rsquo;initiation \u00e0 l&rsquo;art de conter \u00e0 l&rsquo;\u00e9cole d&rsquo;\u00e9ducateurs de &hellip; <a href=\"https:\/\/www.joellepascal.fr\/?page_id=535\">Continuer la lecture <span class=\"meta-nav\">&rarr;<\/span><\/a><\/p>\n","protected":false},"author":1,"featured_media":0,"parent":0,"menu_order":0,"comment_status":"closed","ping_status":"open","template":"onecolumn-page.php","meta":[],"_links":{"self":[{"href":"https:\/\/www.joellepascal.fr\/index.php?rest_route=\/wp\/v2\/pages\/535"}],"collection":[{"href":"https:\/\/www.joellepascal.fr\/index.php?rest_route=\/wp\/v2\/pages"}],"about":[{"href":"https:\/\/www.joellepascal.fr\/index.php?rest_route=\/wp\/v2\/types\/page"}],"author":[{"embeddable":true,"href":"https:\/\/www.joellepascal.fr\/index.php?rest_route=\/wp\/v2\/users\/1"}],"replies":[{"embeddable":true,"href":"https:\/\/www.joellepascal.fr\/index.php?rest_route=%2Fwp%2Fv2%2Fcomments&post=535"}],"version-history":[{"count":26,"href":"https:\/\/www.joellepascal.fr\/index.php?rest_route=\/wp\/v2\/pages\/535\/revisions"}],"predecessor-version":[{"id":596,"href":"https:\/\/www.joellepascal.fr\/index.php?rest_route=\/wp\/v2\/pages\/535\/revisions\/596"}],"wp:attachment":[{"href":"https:\/\/www.joellepascal.fr\/index.php?rest_route=%2Fwp%2Fv2%2Fmedia&parent=535"}],"curies":[{"name":"wp","href":"https:\/\/api.w.org\/{rel}","templated":true}]}}