{"id":39,"date":"2011-01-14T22:28:48","date_gmt":"2011-01-14T22:28:48","guid":{"rendered":"http:\/\/joelle.conteuse.free.fr\/?page_id=39"},"modified":"2020-12-16T09:05:05","modified_gmt":"2020-12-16T09:05:05","slug":"allons-allons-zebulon","status":"publish","type":"page","link":"https:\/\/www.joellepascal.fr\/?page_id=39","title":{"rendered":"Allons, allons, Zebulon"},"content":{"rendered":"<p><span style=\"font-family: Times New Roman,Times,serif; font-size: medium;\"><a href=\"https:\/\/www.joellepascal.fr\/wp-content\/uploads\/2011\/01\/Z\u00e9bulon-pour-Noriac.jpg\" rel=\"lightbox[39]\"><img loading=\"lazy\" class=\"alignright size-medium wp-image-763\" title=\"OLYMPUS DIGITAL CAMERA\" src=\"https:\/\/www.joellepascal.fr\/wp-content\/uploads\/2011\/01\/Z\u00e9bulon-pour-Noriac-225x300.jpg\" alt=\"\" width=\"115\" height=\"154\" srcset=\"https:\/\/www.joellepascal.fr\/wp-content\/uploads\/2011\/01\/Z\u00e9bulon-pour-Noriac-225x300.jpg 225w, https:\/\/www.joellepascal.fr\/wp-content\/uploads\/2011\/01\/Z\u00e9bulon-pour-Noriac-769x1024.jpg 769w, https:\/\/www.joellepascal.fr\/wp-content\/uploads\/2011\/01\/Z\u00e9bulon-pour-Noriac.jpg 901w\" sizes=\"(max-width: 115px) 100vw, 115px\" \/><\/a><a href=\"https:\/\/www.joellepascal.fr\/wp-content\/uploads\/2011\/01\/allons2bon.jpg\" rel=\"lightbox[39]\"><img loading=\"lazy\" class=\"alignleft size-medium wp-image-40\" title=\"OLYMPUS DIGITAL CAMERA\" src=\"http:\/\/joelle.conteuse.free.fr\/wp-content\/uploads\/allons2bon-205x300.jpg\" alt=\"\" width=\"205\" height=\"300\" \/><\/a><\/span><span style=\"font-size: medium; font-family: 'Times New Roman', Times, serif;\">Et si on se disait \u00ab\u00a0j&rsquo;ai pas peur\u00a0\u00bb, alors,<\/span><span style=\"font-family: 'Times New Roman', Times, serif; font-size: medium;\">bravement, on partirait sur les chemins, le coeur battant, les poings serr\u00e9s, un grand rire au bord des l\u00e8vres. Askeladd, Z\u00e9bulon, Marie et les autres, petits h\u00e9ros des histoires de ce spectacle, bataillent chacun \u00e0 leur mani\u00e8re. Mais tous avancent, par del\u00e0 les interrogations, les blessures, les peurs et les incompr\u00e9hensions.<\/span><\/p>\n<p><span style=\"font-size: medium;\">Spectacle pour les 5\/10 ans, dur\u00e9e : 1 heure<\/span><\/p>\n","protected":false},"excerpt":{"rendered":"<p>Et si on se disait \u00ab\u00a0j&rsquo;ai pas peur\u00a0\u00bb, alors,bravement, on partirait sur les chemins, le coeur battant, les poings serr\u00e9s, un grand rire au bord des l\u00e8vres. Askeladd, Z\u00e9bulon, Marie et les autres, petits h\u00e9ros des histoires de ce spectacle, &hellip; <a href=\"https:\/\/www.joellepascal.fr\/?page_id=39\">Continuer la lecture <span class=\"meta-nav\">&rarr;<\/span><\/a><\/p>\n","protected":false},"author":1,"featured_media":0,"parent":134,"menu_order":0,"comment_status":"closed","ping_status":"closed","template":"onecolumn-page.php","meta":[],"_links":{"self":[{"href":"https:\/\/www.joellepascal.fr\/index.php?rest_route=\/wp\/v2\/pages\/39"}],"collection":[{"href":"https:\/\/www.joellepascal.fr\/index.php?rest_route=\/wp\/v2\/pages"}],"about":[{"href":"https:\/\/www.joellepascal.fr\/index.php?rest_route=\/wp\/v2\/types\/page"}],"author":[{"embeddable":true,"href":"https:\/\/www.joellepascal.fr\/index.php?rest_route=\/wp\/v2\/users\/1"}],"replies":[{"embeddable":true,"href":"https:\/\/www.joellepascal.fr\/index.php?rest_route=%2Fwp%2Fv2%2Fcomments&post=39"}],"version-history":[{"count":8,"href":"https:\/\/www.joellepascal.fr\/index.php?rest_route=\/wp\/v2\/pages\/39\/revisions"}],"predecessor-version":[{"id":946,"href":"https:\/\/www.joellepascal.fr\/index.php?rest_route=\/wp\/v2\/pages\/39\/revisions\/946"}],"up":[{"embeddable":true,"href":"https:\/\/www.joellepascal.fr\/index.php?rest_route=\/wp\/v2\/pages\/134"}],"wp:attachment":[{"href":"https:\/\/www.joellepascal.fr\/index.php?rest_route=%2Fwp%2Fv2%2Fmedia&parent=39"}],"curies":[{"name":"wp","href":"https:\/\/api.w.org\/{rel}","templated":true}]}}