{"id":32,"date":"2011-01-14T22:24:36","date_gmt":"2011-01-14T22:24:36","guid":{"rendered":"http:\/\/joelle.conteuse.free.fr\/?page_id=32"},"modified":"2011-04-22T23:33:10","modified_gmt":"2011-04-22T23:33:10","slug":"coqueti-coqueta-ou-les-contes-caquetes","status":"publish","type":"page","link":"https:\/\/www.joellepascal.fr\/?page_id=32","title":{"rendered":"Coqueti, coqueta ou les contes caquet\u00e9s"},"content":{"rendered":"<h4 style=\"text-align: left;\"><em><a href=\"https:\/\/www.joellepascal.fr\/wp-content\/uploads\/2011\/01\/Ninette3.jpg\" rel=\"lightbox[32]\"><img loading=\"lazy\" class=\"alignleft size-full wp-image-467\" title=\"Ninette\" src=\"https:\/\/www.joellepascal.fr\/wp-content\/uploads\/2011\/01\/Ninette3.jpg\" alt=\"\" width=\"401\" height=\"301\" srcset=\"https:\/\/www.joellepascal.fr\/wp-content\/uploads\/2011\/01\/Ninette3.jpg 494w, https:\/\/www.joellepascal.fr\/wp-content\/uploads\/2011\/01\/Ninette3-300x225.jpg 300w\" sizes=\"(max-width: 401px) 100vw, 401px\" \/><\/a><\/em><\/h4>\n<h4 style=\"text-align: left;\">Aujourd\u2019hui c\u2019est un grand jour\u00a0! Mais qui ai-je invit\u00e9\u00a0? Je ne sais plus\u2026peut-\u00eatre la poule Ninette qui vient de frapper \u00e0 ma fen\u00eatre. Elle a froid, grelotte, ne veut pas quitter son bonnet mais tend son bec et ses oreilles pour \u00e9couter les nouvelles, les histoires du cousin et bien d&rsquo;autres encore.<\/h4>\n<p>Spectacle pour les 4\/8ans \u00a0 \u00a0 \u00a0 \u00a0 \u00a0 \u00a0 \u00a0 \u00a0 \u00a0 \u00a0 \u00a0 \u00a0 \u00a0 \u00a0 \u00a0 \u00a0 \u00a0 \u00a0 \u00a0 \u00a0 \u00a0 \u00a0 \u00a0 \u00a0 \u00a0 \u00a0 \u00a0 \u00a0 \u00a0 \u00a0 \u00a0 \u00a0 Dur\u00e9e : 50 mn<\/p>\n","protected":false},"excerpt":{"rendered":"<p>Aujourd\u2019hui c\u2019est un grand jour\u00a0! Mais qui ai-je invit\u00e9\u00a0? Je ne sais plus\u2026peut-\u00eatre la poule Ninette qui vient de frapper \u00e0 ma fen\u00eatre. Elle a froid, grelotte, ne veut pas quitter son bonnet mais tend son bec et ses oreilles &hellip; <a href=\"https:\/\/www.joellepascal.fr\/?page_id=32\">Continuer la lecture <span class=\"meta-nav\">&rarr;<\/span><\/a><\/p>\n","protected":false},"author":1,"featured_media":0,"parent":134,"menu_order":0,"comment_status":"closed","ping_status":"closed","template":"onecolumn-page.php","meta":[],"_links":{"self":[{"href":"https:\/\/www.joellepascal.fr\/index.php?rest_route=\/wp\/v2\/pages\/32"}],"collection":[{"href":"https:\/\/www.joellepascal.fr\/index.php?rest_route=\/wp\/v2\/pages"}],"about":[{"href":"https:\/\/www.joellepascal.fr\/index.php?rest_route=\/wp\/v2\/types\/page"}],"author":[{"embeddable":true,"href":"https:\/\/www.joellepascal.fr\/index.php?rest_route=\/wp\/v2\/users\/1"}],"replies":[{"embeddable":true,"href":"https:\/\/www.joellepascal.fr\/index.php?rest_route=%2Fwp%2Fv2%2Fcomments&post=32"}],"version-history":[{"count":6,"href":"https:\/\/www.joellepascal.fr\/index.php?rest_route=\/wp\/v2\/pages\/32\/revisions"}],"predecessor-version":[{"id":470,"href":"https:\/\/www.joellepascal.fr\/index.php?rest_route=\/wp\/v2\/pages\/32\/revisions\/470"}],"up":[{"embeddable":true,"href":"https:\/\/www.joellepascal.fr\/index.php?rest_route=\/wp\/v2\/pages\/134"}],"wp:attachment":[{"href":"https:\/\/www.joellepascal.fr\/index.php?rest_route=%2Fwp%2Fv2%2Fmedia&parent=32"}],"curies":[{"name":"wp","href":"https:\/\/api.w.org\/{rel}","templated":true}]}}