{"id":27,"date":"2011-01-14T22:22:22","date_gmt":"2011-01-14T22:22:22","guid":{"rendered":"http:\/\/joelle.conteuse.free.fr\/?page_id=27"},"modified":"2025-01-28T11:39:52","modified_gmt":"2025-01-28T11:39:52","slug":"contes-en-ribambelles","status":"publish","type":"page","link":"https:\/\/www.joellepascal.fr\/?page_id=27","title":{"rendered":"Contes en ribambelles"},"content":{"rendered":"<p><a href=\"https:\/\/www.joellepascal.fr\/?attachment_id=1010\"><img loading=\"lazy\" class=\"alignright size-full wp-image-1010\" src=\"https:\/\/www.joellepascal.fr\/wp-content\/uploads\/2025\/01\/chat-rotated.jpeg\" alt=\"\" width=\"480\" height=\"640\" srcset=\"https:\/\/www.joellepascal.fr\/wp-content\/uploads\/2025\/01\/chat-rotated.jpeg 480w, https:\/\/www.joellepascal.fr\/wp-content\/uploads\/2025\/01\/chat-225x300.jpeg 225w\" sizes=\"(max-width: 480px) 100vw, 480px\" \/><\/a><\/p>\n<p><span style=\"font-size: small;\"><strong><em>\u00a0<\/em><\/strong><\/span><\/p>\n<p style=\"text-align: justify;\"><span style=\"font-size: medium;\"><span style=\"font-family: Times New Roman,Times,serif;\">De retour de voyage, valise \u00e0 la main, la conteuse cherche son chat. C&rsquo;est qu&rsquo;elle a des surprises pour lui. Des petits objets cach\u00e9s dans la valise qui seront pr\u00e9textes \u00e0 offrir histoires, chansons, comptines, jeux de doigts, \u00e0 jouer de la fl\u00fbte \u00e0 bec et de l&rsquo;accord\u00e9on diatonique&#8230; Ces petits objets seront \u00e9tendus au fur et \u00e0\u00a0 mesure sur le fil d&rsquo;un \u00e9tendoir comme on \u00e9tend le linge.<\/span><\/span><\/p>\n<p><span style=\"font-size: medium;\"><span style=\"font-family: Times New Roman,Times,serif;\"><em>Ce spectacle<\/em><em> s\u2019adresse aux enfants des \u00e9coles maternelles de 3 \u00e0 6 ans. Mais il s&rsquo;ad<em>apte tr\u00e8s bien aux tout petits enfants des cr\u00e8ches. <\/em>Le contenu, la dur\u00e9e, le choix des histoires varient en fonction de l\u2019\u00e2ge des enfants.<\/em><\/span><\/span><\/p>\n<p><span style=\"font-family: 'Times New Roman', Times, serif; font-size: medium;\"> Dur\u00e9e : de 30 mn \u00e0 50 mn<\/span><\/p>\n<p><span style=\"font-size: medium;\"><span style=\"font-family: Times New Roman,Times,serif;\"><a href=\"https:\/\/www.joellepascal.fr\/wp-content\/uploads\/2011\/01\/100_1037.jpg\" rel=\"lightbox[27]\"><img loading=\"lazy\" class=\"alignright size-full wp-image-656\" title=\"100_1037\" src=\"https:\/\/www.joellepascal.fr\/wp-content\/uploads\/2011\/01\/100_1037.jpg\" alt=\"\" width=\"312\" height=\"195\" srcset=\"https:\/\/www.joellepascal.fr\/wp-content\/uploads\/2011\/01\/100_1037.jpg 1129w, https:\/\/www.joellepascal.fr\/wp-content\/uploads\/2011\/01\/100_1037-300x187.jpg 300w, https:\/\/www.joellepascal.fr\/wp-content\/uploads\/2011\/01\/100_1037-1024x640.jpg 1024w\" sizes=\"(max-width: 312px) 100vw, 312px\" \/><br \/>\n<\/a><\/span><\/span><\/p>\n<p><span style=\"font-size: small;\"><strong><em>\u00a0<\/em><\/strong><\/span><\/p>\n","protected":false},"excerpt":{"rendered":"<p>\u00a0 De retour de voyage, valise \u00e0 la main, la conteuse cherche son chat. C&rsquo;est qu&rsquo;elle a des surprises pour lui. Des petits objets cach\u00e9s dans la valise qui seront pr\u00e9textes \u00e0 offrir histoires, chansons, comptines, jeux de doigts, \u00e0 &hellip; <a href=\"https:\/\/www.joellepascal.fr\/?page_id=27\">Continuer la lecture <span class=\"meta-nav\">&rarr;<\/span><\/a><\/p>\n","protected":false},"author":1,"featured_media":0,"parent":134,"menu_order":0,"comment_status":"closed","ping_status":"closed","template":"onecolumn-page.php","meta":[],"_links":{"self":[{"href":"https:\/\/www.joellepascal.fr\/index.php?rest_route=\/wp\/v2\/pages\/27"}],"collection":[{"href":"https:\/\/www.joellepascal.fr\/index.php?rest_route=\/wp\/v2\/pages"}],"about":[{"href":"https:\/\/www.joellepascal.fr\/index.php?rest_route=\/wp\/v2\/types\/page"}],"author":[{"embeddable":true,"href":"https:\/\/www.joellepascal.fr\/index.php?rest_route=\/wp\/v2\/users\/1"}],"replies":[{"embeddable":true,"href":"https:\/\/www.joellepascal.fr\/index.php?rest_route=%2Fwp%2Fv2%2Fcomments&post=27"}],"version-history":[{"count":21,"href":"https:\/\/www.joellepascal.fr\/index.php?rest_route=\/wp\/v2\/pages\/27\/revisions"}],"predecessor-version":[{"id":1011,"href":"https:\/\/www.joellepascal.fr\/index.php?rest_route=\/wp\/v2\/pages\/27\/revisions\/1011"}],"up":[{"embeddable":true,"href":"https:\/\/www.joellepascal.fr\/index.php?rest_route=\/wp\/v2\/pages\/134"}],"wp:attachment":[{"href":"https:\/\/www.joellepascal.fr\/index.php?rest_route=%2Fwp%2Fv2%2Fmedia&parent=27"}],"curies":[{"name":"wp","href":"https:\/\/api.w.org\/{rel}","templated":true}]}}