{"id":197,"date":"2011-02-21T21:33:31","date_gmt":"2011-02-21T21:33:31","guid":{"rendered":"http:\/\/joelle.conteuse.free.fr\/?page_id=197"},"modified":"2011-05-03T20:36:05","modified_gmt":"2011-05-03T20:36:05","slug":"contenu-et-methode","status":"publish","type":"page","link":"https:\/\/www.joellepascal.fr\/?page_id=197","title":{"rendered":"Contenu"},"content":{"rendered":"<p>\ufeffQuelle histoire choisir ? Comment la m\u00e9moriser ? Comment la commencer, la rendre vivante, se l&rsquo;approprier ?<\/p>\n<p>Mise en condition, \u00e9chauffements \u00e0\u00a0 travers des exercices gestuels, th\u00e9\u00e2traux, des jeux d&rsquo;entra\u00eenement \u00e0\u00a0 l&rsquo;imagination, des jeux de langage, des jeux vocaux.<\/p>\n<p>Exploration des histoires apport\u00e9es ou confi\u00e9es au cours du stage : structure, rythme, langues, images, couleurs, sensations, perceptions notamment de l&rsquo;espace et du temps&#8230;<\/p>\n<h5><span style=\"color: #444444;\"><em>Dur\u00e9e : 2 jours ou plus selon la demande. \u00a0 \u00a0 \u00a0 \u00a0 \u00a0 \u00a0 \u00a0 \u00a0\u00a0Nombre de stagiaires : 12 maximum \u00a0 \u00a0 Tarif sur demande<\/em><\/span><\/h5>\n<h5><span style=\"color: #444444;\"><em><strong>Jo\u00eblle Pascal anime \u00e9galement des ateliers contes pour les enfants et les adolescents en milieux scolaires ou ailleurs.<\/strong><\/em><\/span><\/h5>\n<p><img loading=\"lazy\" class=\"alignright size-full wp-image-218\" title=\"lune2\" src=\"https:\/\/www.joellepascal.fr\/wp-content\/uploads\/2011\/02\/lune25.jpg\" alt=\"\" width=\"100\" height=\"105\" \/><\/p>\n<p><span style=\"color: #444444;\"><a title=\"Ateliers en images\" href=\"https:\/\/www.joellepascal.fr\/?page_id=535\">A voir : images d&rsquo;un atelier&#8230; cr\u00e9atif !<\/a><\/span><\/p>\n<p><a title=\"Atelier en images 2\" href=\"https:\/\/www.joellepascal.fr\/?page_id=588\">A\u00a0voir : image d&rsquo;un atelier au pays de la francophonie<\/a><\/p>\n","protected":false},"excerpt":{"rendered":"<p>\ufeffQuelle histoire choisir ? Comment la m\u00e9moriser ? Comment la commencer, la rendre vivante, se l&rsquo;approprier ? Mise en condition, \u00e9chauffements \u00e0\u00a0 travers des exercices gestuels, th\u00e9\u00e2traux, des jeux d&rsquo;entra\u00eenement \u00e0\u00a0 l&rsquo;imagination, des jeux de langage, des jeux vocaux. Exploration &hellip; <a href=\"https:\/\/www.joellepascal.fr\/?page_id=197\">Continuer la lecture <span class=\"meta-nav\">&rarr;<\/span><\/a><\/p>\n","protected":false},"author":1,"featured_media":0,"parent":133,"menu_order":0,"comment_status":"closed","ping_status":"closed","template":"onecolumn-page.php","meta":[],"_links":{"self":[{"href":"https:\/\/www.joellepascal.fr\/index.php?rest_route=\/wp\/v2\/pages\/197"}],"collection":[{"href":"https:\/\/www.joellepascal.fr\/index.php?rest_route=\/wp\/v2\/pages"}],"about":[{"href":"https:\/\/www.joellepascal.fr\/index.php?rest_route=\/wp\/v2\/types\/page"}],"author":[{"embeddable":true,"href":"https:\/\/www.joellepascal.fr\/index.php?rest_route=\/wp\/v2\/users\/1"}],"replies":[{"embeddable":true,"href":"https:\/\/www.joellepascal.fr\/index.php?rest_route=%2Fwp%2Fv2%2Fcomments&post=197"}],"version-history":[{"count":3,"href":"https:\/\/www.joellepascal.fr\/index.php?rest_route=\/wp\/v2\/pages\/197\/revisions"}],"predecessor-version":[{"id":573,"href":"https:\/\/www.joellepascal.fr\/index.php?rest_route=\/wp\/v2\/pages\/197\/revisions\/573"}],"up":[{"embeddable":true,"href":"https:\/\/www.joellepascal.fr\/index.php?rest_route=\/wp\/v2\/pages\/133"}],"wp:attachment":[{"href":"https:\/\/www.joellepascal.fr\/index.php?rest_route=%2Fwp%2Fv2%2Fmedia&parent=197"}],"curies":[{"name":"wp","href":"https:\/\/api.w.org\/{rel}","templated":true}]}}