{"id":17,"date":"2011-01-14T22:13:26","date_gmt":"2011-01-14T22:13:26","guid":{"rendered":"http:\/\/joelle.conteuse.free.fr\/?page_id=17"},"modified":"2017-12-11T20:44:46","modified_gmt":"2017-12-11T20:44:46","slug":"les-spectacles","status":"publish","type":"page","link":"https:\/\/www.joellepascal.fr\/?page_id=17","title":{"rendered":"Spectacles"},"content":{"rendered":"<p>Une voix gourmande qui raconte des histoires aux parfums ensoleill\u00e9s : un zeste de rythme, une pinc\u00e9e de fantaisie, le souffle de son accord\u00e9on, petit compagnon de voyage&#8230; et le conte est jou\u00e9.<\/p>\n<p>Au programme&#8230;<\/p>\n<p>&nbsp;<\/p>\n","protected":false},"excerpt":{"rendered":"<p>Une voix gourmande qui raconte des histoires aux parfums ensoleill\u00e9s : un zeste de rythme, une pinc\u00e9e de fantaisie, le souffle de son accord\u00e9on, petit compagnon de voyage&#8230; et le conte est jou\u00e9. Au programme&#8230; &nbsp;<\/p>\n","protected":false},"author":1,"featured_media":903,"parent":0,"menu_order":3,"comment_status":"closed","ping_status":"closed","template":"onecolumn-page.php","meta":[],"_links":{"self":[{"href":"https:\/\/www.joellepascal.fr\/index.php?rest_route=\/wp\/v2\/pages\/17"}],"collection":[{"href":"https:\/\/www.joellepascal.fr\/index.php?rest_route=\/wp\/v2\/pages"}],"about":[{"href":"https:\/\/www.joellepascal.fr\/index.php?rest_route=\/wp\/v2\/types\/page"}],"author":[{"embeddable":true,"href":"https:\/\/www.joellepascal.fr\/index.php?rest_route=\/wp\/v2\/users\/1"}],"replies":[{"embeddable":true,"href":"https:\/\/www.joellepascal.fr\/index.php?rest_route=%2Fwp%2Fv2%2Fcomments&post=17"}],"version-history":[{"count":2,"href":"https:\/\/www.joellepascal.fr\/index.php?rest_route=\/wp\/v2\/pages\/17\/revisions"}],"predecessor-version":[{"id":890,"href":"https:\/\/www.joellepascal.fr\/index.php?rest_route=\/wp\/v2\/pages\/17\/revisions\/890"}],"wp:featuredmedia":[{"embeddable":true,"href":"https:\/\/www.joellepascal.fr\/index.php?rest_route=\/wp\/v2\/media\/903"}],"wp:attachment":[{"href":"https:\/\/www.joellepascal.fr\/index.php?rest_route=%2Fwp%2Fv2%2Fmedia&parent=17"}],"curies":[{"name":"wp","href":"https:\/\/api.w.org\/{rel}","templated":true}]}}