{"id":1034,"date":"2025-10-07T15:12:08","date_gmt":"2025-10-07T15:12:08","guid":{"rendered":"https:\/\/www.joellepascal.fr\/?page_id=1034"},"modified":"2025-10-11T11:40:24","modified_gmt":"2025-10-11T11:40:24","slug":"accueil","status":"publish","type":"page","link":"https:\/\/www.joellepascal.fr\/?page_id=1034","title":{"rendered":"Bient\u00f4t \u00e0 l&rsquo;Espace Noriac \u00e0 Limoges"},"content":{"rendered":"\n<figure class=\"wp-block-image size-large\"><a href=\"https:\/\/www.joellepascal.fr\/wp-content\/uploads\/2025\/10\/Programme-Noriac-2025-Joe\u0308lle-Pascal-scaled.jpg\" rel=\"lightbox[1034]\"><img loading=\"lazy\" width=\"1024\" height=\"723\" src=\"https:\/\/www.joellepascal.fr\/wp-content\/uploads\/2025\/10\/Programme-Noriac-2025-Joe\u0308lle-Pascal-1024x723.jpg\" alt=\"\" class=\"wp-image-1066\" srcset=\"https:\/\/www.joellepascal.fr\/wp-content\/uploads\/2025\/10\/Programme-Noriac-2025-Joe\u0308lle-Pascal-1024x723.jpg 1024w, https:\/\/www.joellepascal.fr\/wp-content\/uploads\/2025\/10\/Programme-Noriac-2025-Joe\u0308lle-Pascal-300x212.jpg 300w, https:\/\/www.joellepascal.fr\/wp-content\/uploads\/2025\/10\/Programme-Noriac-2025-Joe\u0308lle-Pascal-768x542.jpg 768w, https:\/\/www.joellepascal.fr\/wp-content\/uploads\/2025\/10\/Programme-Noriac-2025-Joe\u0308lle-Pascal-1536x1085.jpg 1536w, https:\/\/www.joellepascal.fr\/wp-content\/uploads\/2025\/10\/Programme-Noriac-2025-Joe\u0308lle-Pascal-2048x1446.jpg 2048w\" sizes=\"(max-width: 1024px) 100vw, 1024px\" \/><\/a><\/figure>\n\n\n\n<figure class=\"wp-block-image size-large\"><a href=\"https:\/\/www.joellepascal.fr\/wp-content\/uploads\/2025\/10\/Horaires-Noriac-2025-Joe\u0308lle-Pascal-scaled.jpg\" rel=\"lightbox[1034]\"><img loading=\"lazy\" width=\"1024\" height=\"723\" src=\"https:\/\/www.joellepascal.fr\/wp-content\/uploads\/2025\/10\/Horaires-Noriac-2025-Joe\u0308lle-Pascal-1024x723.jpg\" alt=\"\" class=\"wp-image-1067\" srcset=\"https:\/\/www.joellepascal.fr\/wp-content\/uploads\/2025\/10\/Horaires-Noriac-2025-Joe\u0308lle-Pascal-1024x723.jpg 1024w, https:\/\/www.joellepascal.fr\/wp-content\/uploads\/2025\/10\/Horaires-Noriac-2025-Joe\u0308lle-Pascal-300x212.jpg 300w, https:\/\/www.joellepascal.fr\/wp-content\/uploads\/2025\/10\/Horaires-Noriac-2025-Joe\u0308lle-Pascal-768x542.jpg 768w, https:\/\/www.joellepascal.fr\/wp-content\/uploads\/2025\/10\/Horaires-Noriac-2025-Joe\u0308lle-Pascal-1536x1085.jpg 1536w, https:\/\/www.joellepascal.fr\/wp-content\/uploads\/2025\/10\/Horaires-Noriac-2025-Joe\u0308lle-Pascal-2048x1446.jpg 2048w\" sizes=\"(max-width: 1024px) 100vw, 1024px\" \/><\/a><figcaption>Programmation d\u00e9taill\u00e9e \u00e0 t\u00e9l\u00e9charger<\/figcaption><\/figure>\n\n\n\n<div class=\"wp-block-file\"><object class=\"wp-block-file__embed\" data=\"https:\/\/www.joellepascal.fr\/wp-content\/uploads\/2025\/10\/Programmation-de\u0301taille\u0301e-Joe\u0308lle-Pascal-Espace-Noriac-2025.pdf\" type=\"application\/pdf\" style=\"width:100%;height:600px\" aria-label=\"Contenu embarqu\u00e9 Programmation-de\u0301taille\u0301e-Joe\u0308lle-Pascal-Espace-Noriac-2025.\"><\/object><a id=\"wp-block-file--media-fe543428-57ba-43e9-ab28-58f3b00e1735\" href=\"https:\/\/www.joellepascal.fr\/wp-content\/uploads\/2025\/10\/Programmation-de\u0301taille\u0301e-Joe\u0308lle-Pascal-Espace-Noriac-2025.pdf\">Programmation-de\u0301taille\u0301e-Joe\u0308lle-Pascal-Espace-Noriac-2025<\/a><a href=\"https:\/\/www.joellepascal.fr\/wp-content\/uploads\/2025\/10\/Programmation-de\u0301taille\u0301e-Joe\u0308lle-Pascal-Espace-Noriac-2025.pdf\" class=\"wp-block-file__button\" download aria-describedby=\"wp-block-file--media-fe543428-57ba-43e9-ab28-58f3b00e1735\">T\u00e9l\u00e9charger<\/a><\/div>\n\n\n\n<figure class=\"wp-block-video\"><video controls src=\"https:\/\/www.joellepascal.fr\/wp-content\/uploads\/2025\/10\/Teaser-programme-complet.mp4\"><\/video><\/figure>\n","protected":false},"excerpt":{"rendered":"","protected":false},"author":1,"featured_media":705,"parent":0,"menu_order":0,"comment_status":"closed","ping_status":"closed","template":"","meta":[],"_links":{"self":[{"href":"https:\/\/www.joellepascal.fr\/index.php?rest_route=\/wp\/v2\/pages\/1034"}],"collection":[{"href":"https:\/\/www.joellepascal.fr\/index.php?rest_route=\/wp\/v2\/pages"}],"about":[{"href":"https:\/\/www.joellepascal.fr\/index.php?rest_route=\/wp\/v2\/types\/page"}],"author":[{"embeddable":true,"href":"https:\/\/www.joellepascal.fr\/index.php?rest_route=\/wp\/v2\/users\/1"}],"replies":[{"embeddable":true,"href":"https:\/\/www.joellepascal.fr\/index.php?rest_route=%2Fwp%2Fv2%2Fcomments&post=1034"}],"version-history":[{"count":13,"href":"https:\/\/www.joellepascal.fr\/index.php?rest_route=\/wp\/v2\/pages\/1034\/revisions"}],"predecessor-version":[{"id":1073,"href":"https:\/\/www.joellepascal.fr\/index.php?rest_route=\/wp\/v2\/pages\/1034\/revisions\/1073"}],"wp:featuredmedia":[{"embeddable":true,"href":"https:\/\/www.joellepascal.fr\/index.php?rest_route=\/wp\/v2\/media\/705"}],"wp:attachment":[{"href":"https:\/\/www.joellepascal.fr\/index.php?rest_route=%2Fwp%2Fv2%2Fmedia&parent=1034"}],"curies":[{"name":"wp","href":"https:\/\/api.w.org\/{rel}","templated":true}]}}